{"id":687,"date":"2025-06-14T16:09:08","date_gmt":"2025-06-14T16:09:08","guid":{"rendered":"https:\/\/farbac.xyz\/?post_type=product&#038;p=687"},"modified":"2025-06-16T01:13:19","modified_gmt":"2025-06-16T01:13:19","slug":"tuberia-de-aspiracion-para-microqueratomo-moria-2","status":"publish","type":"product","link":"https:\/\/farbac.xyz\/index.php\/product\/tuberia-de-aspiracion-para-microqueratomo-moria-2\/","title":{"rendered":"Tuber\u00eda de Aspiraci\u00f3n para microqueratomo"},"content":{"rendered":"<p>Se requiere contar con consumibles fabricados por Moria para el correcto funcionamiento del microqueratomo. Descubre nuestra tuber\u00eda de aspiraci\u00f3n para la consola Evo 3 del microqueratomo Moria, dise\u00f1ada para ofrecer un rendimiento \u00f3ptimo y precisi\u00f3n en procedimientos quir\u00fargicos. Es desechable, fabricada con materiales de alta calidad, garantizada su eficiencia en cada uso seg\u00fan lo recomendado por Moria.<\/p>\n","protected":false},"excerpt":{"rendered":"<p>Descubre nuestra tuber\u00eda de aspiraci\u00f3n para la consola Evo 3 del microqueratomo Moria, dise\u00f1ada para ofrecer un rendimiento \u00f3ptimo y precisi\u00f3n en procedimientos quir\u00fargicos. Es desechable, fabricada con materiales de alta calidad, garantizada su eficiencia en cada uso seg\u00fan lo recomendado por Moria.<\/p>\n","protected":false},"featured_media":686,"comment_status":"closed","ping_status":"closed","template":"","meta":{"_seopress_robots_primary_cat":"none","_seopress_titles_title":"%%post_title%% %%sep%% %%sitetitle%%","_seopress_titles_desc":"Tuber\u00eda de aspiraci\u00f3n para la consola Evo 3 del microqueratomo Moria ofrecer \u00f3ptima aspiraci\u00f3n en cirug\u00edas LASIK. \u00danica recomendada por el fabricante.","_seopress_robots_index":"","_et_pb_use_builder":"","_et_pb_old_content":"","_et_gb_content_width":""},"product_brand":[36],"product_cat":[42],"product_tag":[],"class_list":{"0":"post-687","1":"product","2":"type-product","3":"status-publish","4":"has-post-thumbnail","6":"product_brand-moria","7":"product_cat-microqueratomo","9":"first","10":"instock","11":"shipping-taxable","12":"product-type-simple"},"_links":{"self":[{"href":"https:\/\/farbac.xyz\/index.php\/wp-json\/wp\/v2\/product\/687","targetHints":{"allow":["GET"]}}],"collection":[{"href":"https:\/\/farbac.xyz\/index.php\/wp-json\/wp\/v2\/product"}],"about":[{"href":"https:\/\/farbac.xyz\/index.php\/wp-json\/wp\/v2\/types\/product"}],"replies":[{"embeddable":true,"href":"https:\/\/farbac.xyz\/index.php\/wp-json\/wp\/v2\/comments?post=687"}],"wp:featuredmedia":[{"embeddable":true,"href":"https:\/\/farbac.xyz\/index.php\/wp-json\/wp\/v2\/media\/686"}],"wp:attachment":[{"href":"https:\/\/farbac.xyz\/index.php\/wp-json\/wp\/v2\/media?parent=687"}],"wp:term":[{"taxonomy":"product_brand","embeddable":true,"href":"https:\/\/farbac.xyz\/index.php\/wp-json\/wp\/v2\/product_brand?post=687"},{"taxonomy":"product_cat","embeddable":true,"href":"https:\/\/farbac.xyz\/index.php\/wp-json\/wp\/v2\/product_cat?post=687"},{"taxonomy":"product_tag","embeddable":true,"href":"https:\/\/farbac.xyz\/index.php\/wp-json\/wp\/v2\/product_tag?post=687"}],"curies":[{"name":"wp","href":"https:\/\/api.w.org\/{rel}","templated":true}]}}