{"id":602,"date":"2025-05-21T02:10:37","date_gmt":"2025-05-21T02:10:37","guid":{"rendered":"https:\/\/farbac.xyz\/?post_type=product&#038;p=602"},"modified":"2025-06-16T01:26:48","modified_gmt":"2025-06-16T01:26:48","slug":"motor-oup","status":"publish","type":"product","link":"https:\/\/farbac.xyz\/index.php\/product\/motor-oup\/","title":{"rendered":"Microqueratomo One Use Plus (OUP)"},"content":{"rendered":"<p>Microqueratomo OUP (One Use-Plus) de Moria: sistema el\u00e9ctrico avanzado de alta precisi\u00f3n para la creaci\u00f3n de colgajos corneales en procedimientos LASIK. Pieza de mano con dos motores uno de avance y retroceso y otro de corte que permiten un corte uniforme, seguro y confiable. Ideal para cirug\u00eda refractiva. Su cabezal preensamblado y esterilizado garantiza cortes uniformes y precisos, con excelente predictibilidad en el grosor del colgajo. Compatible con el anillo de succi\u00f3n OUP y de manejo sencillo, es la elecci\u00f3n ideal para cl\u00ednicas que priorizan eficiencia, higiene y resultados visuales superiores.<\/p>\n","protected":false},"excerpt":{"rendered":"<p>Microqueratomo OUP de Moria: sistema el\u00e9ctrico de alta precisi\u00f3n para LASIK. Pieza de mano con dos motores uno de avance y retrocesos y otro de corte que permiten un corte uniforme, seguro y confiable. Ideal para cirug\u00eda refractiva.<\/p>\n<p>&nbsp;<\/p>\n","protected":false},"featured_media":610,"comment_status":"closed","ping_status":"closed","template":"","meta":{"_seopress_robots_primary_cat":"none","_seopress_titles_title":"","_seopress_titles_desc":"Microqueratomo OUP de Moria: sistema el\u00e9ctrico de alta precisi\u00f3n para LASIK. Corte uniforme, seguro y confiable. Ideal para cirug\u00eda refractiva.","_seopress_robots_index":"","_et_pb_use_builder":"","_et_pb_old_content":"","_et_gb_content_width":""},"product_brand":[36],"product_cat":[42],"product_tag":[],"class_list":{"0":"post-602","1":"product","2":"type-product","3":"status-publish","4":"has-post-thumbnail","6":"product_brand-moria","7":"product_cat-microqueratomo","9":"first","10":"instock","11":"shipping-taxable","12":"product-type-simple"},"_links":{"self":[{"href":"https:\/\/farbac.xyz\/index.php\/wp-json\/wp\/v2\/product\/602","targetHints":{"allow":["GET"]}}],"collection":[{"href":"https:\/\/farbac.xyz\/index.php\/wp-json\/wp\/v2\/product"}],"about":[{"href":"https:\/\/farbac.xyz\/index.php\/wp-json\/wp\/v2\/types\/product"}],"replies":[{"embeddable":true,"href":"https:\/\/farbac.xyz\/index.php\/wp-json\/wp\/v2\/comments?post=602"}],"wp:featuredmedia":[{"embeddable":true,"href":"https:\/\/farbac.xyz\/index.php\/wp-json\/wp\/v2\/media\/610"}],"wp:attachment":[{"href":"https:\/\/farbac.xyz\/index.php\/wp-json\/wp\/v2\/media?parent=602"}],"wp:term":[{"taxonomy":"product_brand","embeddable":true,"href":"https:\/\/farbac.xyz\/index.php\/wp-json\/wp\/v2\/product_brand?post=602"},{"taxonomy":"product_cat","embeddable":true,"href":"https:\/\/farbac.xyz\/index.php\/wp-json\/wp\/v2\/product_cat?post=602"},{"taxonomy":"product_tag","embeddable":true,"href":"https:\/\/farbac.xyz\/index.php\/wp-json\/wp\/v2\/product_tag?post=602"}],"curies":[{"name":"wp","href":"https:\/\/api.w.org\/{rel}","templated":true}]}}