{"id":417,"date":"2023-01-06T23:43:04","date_gmt":"2023-01-06T23:43:04","guid":{"rendered":"http:\/\/farbac.xyz\/index.php\/product\/mesa-de-operaciones-de-oftalmologia-500-xls\/"},"modified":"2025-06-13T20:27:04","modified_gmt":"2025-06-13T20:27:04","slug":"mesa-de-operaciones-de-oftalmologia-500-xls","status":"publish","type":"product","link":"https:\/\/farbac.xyz\/index.php\/product\/mesa-de-operaciones-de-oftalmologia-500-xls\/","title":{"rendered":"Camilla \/ Silla para tratamientos 500 XLS"},"content":{"rendered":"<p>La silla para tratamiento \u00f3 <strong>camilla quir\u00fargica<\/strong> es completamente ergon\u00f3mica y f\u00e1cil de usar para una m\u00e1xima eficiencia en el quir\u00f3fano.<\/p>\n<p>Las tecnolog\u00edas intuitivas de la camilla 500 XLS permiten a los cirujanos y asistentes trabajar de manera eficiente y sin forzar la espalda, as\u00ed como un posicionamiento del paciente particularmente c\u00f3modo. Cuenta con:<\/p>\n<ul>\n<li>Control remoto multifuncional con 8 posiciones de memoria libremente programables, funci\u00f3n de ejecuci\u00f3n autom\u00e1tica, bot\u00f3n de RCP, bot\u00f3n de reinicio e indicador de bater\u00eda para un c\u00f3modo posicionamiento del paciente.<\/li>\n<li>Bater\u00eda recargable con bot\u00f3n de parada de emergencia integrado y conexi\u00f3n de compensaci\u00f3n de potencial para m\u00e1xima seguridad en el quir\u00f3fano.<\/li>\n<li>3 servomecanismos para ajustar f\u00e1cilmente el respaldo, el asiento y la secci\u00f3n de las piernas, as\u00ed como la altura total.<\/li>\n<li>Monocolumna elevadora dise\u00f1ada para un peso m\u00e1ximo del paciente de 200 kg.<\/li>\n<li>El chasis estable con 2 ruedas con freno central y 2 ruedas r\u00edgidas combina alta estabilidad y f\u00e1cil maniobrabilidad.<\/li>\n<li>Pr\u00e1cticas asas de empuje y ruedas de marcha suave facilitan el control del sill\u00f3n.<\/li>\n<li>C\u00f3modo acolchado antiderrapante y reposabrazos extra\u00edbles.<\/li>\n<li>Cuenta con la opci\u00f3n de tener un descansa pies.<\/li>\n<\/ul>\n","protected":false},"excerpt":{"rendered":"<ul>\n<li>Relaci\u00f3n precio-rendimiento optimizada.<\/li>\n<li>Amplio espacio para las piernas y acceso sin obst\u00e1culos a la cabeza del paciente.<\/li>\n<li>\u00a0Dise\u00f1o que ahorra espacio para un uso flexible, excelente maniobrabilidad incluso en los espacios m\u00e1s reducidos<\/li>\n<li>Teclado manual multifuncional con 4 posiciones de memoria y funciones de ejecuci\u00f3n autom\u00e1tica<\/li>\n<li>Apagado autom\u00e1tico con bot\u00f3n de reactivaci\u00f3n en el pedal.<\/li>\n<li>Condiciones de trabajo est\u00e9riles sin interrupci\u00f3n gracias a las funciones de ajuste proporcionadas por el pedal.<\/li>\n<li>\u00a0Tiene funci\u00f3n aut\u00f3noma hasta por 20 cirug\u00edas.<\/li>\n<li>Acceso f\u00e1cil de servicio para facilitar la limpieza y el mantenimiento.<\/li>\n<li>F\u00e1cil de usar<\/li>\n<li>Cuenta con reposabrazos para alta seguridad del paciente, son extra\u00edbles.<\/li>\n<\/ul>\n","protected":false},"featured_media":409,"comment_status":"open","ping_status":"closed","template":"","meta":{"_seopress_robots_primary_cat":"none","_seopress_titles_title":"","_seopress_titles_desc":"","_seopress_robots_index":"","_et_pb_use_builder":"","_et_pb_old_content":"","_et_gb_content_width":""},"product_brand":[40],"product_cat":[43],"product_tag":[],"class_list":{"0":"post-417","1":"product","2":"type-product","3":"status-publish","4":"has-post-thumbnail","6":"product_brand-ufsk-osys","7":"product_cat-camilla-quirurgica","9":"first","10":"onbackorder","11":"shipping-taxable","12":"product-type-simple"},"_links":{"self":[{"href":"https:\/\/farbac.xyz\/index.php\/wp-json\/wp\/v2\/product\/417","targetHints":{"allow":["GET"]}}],"collection":[{"href":"https:\/\/farbac.xyz\/index.php\/wp-json\/wp\/v2\/product"}],"about":[{"href":"https:\/\/farbac.xyz\/index.php\/wp-json\/wp\/v2\/types\/product"}],"replies":[{"embeddable":true,"href":"https:\/\/farbac.xyz\/index.php\/wp-json\/wp\/v2\/comments?post=417"}],"wp:featuredmedia":[{"embeddable":true,"href":"https:\/\/farbac.xyz\/index.php\/wp-json\/wp\/v2\/media\/409"}],"wp:attachment":[{"href":"https:\/\/farbac.xyz\/index.php\/wp-json\/wp\/v2\/media?parent=417"}],"wp:term":[{"taxonomy":"product_brand","embeddable":true,"href":"https:\/\/farbac.xyz\/index.php\/wp-json\/wp\/v2\/product_brand?post=417"},{"taxonomy":"product_cat","embeddable":true,"href":"https:\/\/farbac.xyz\/index.php\/wp-json\/wp\/v2\/product_cat?post=417"},{"taxonomy":"product_tag","embeddable":true,"href":"https:\/\/farbac.xyz\/index.php\/wp-json\/wp\/v2\/product_tag?post=417"}],"curies":[{"name":"wp","href":"https:\/\/api.w.org\/{rel}","templated":true}]}}