{"id":388,"date":"2023-01-06T23:42:44","date_gmt":"2023-01-06T23:42:44","guid":{"rendered":"http:\/\/farbac.xyz\/index.php\/product\/ufsk-400-xl\/"},"modified":"2025-06-13T20:35:18","modified_gmt":"2025-06-13T20:35:18","slug":"ufsk-400-xl","status":"publish","type":"product","link":"https:\/\/farbac.xyz\/index.php\/product\/ufsk-400-xl\/","title":{"rendered":"Camilla 400 XL"},"content":{"rendered":"<p>Con su especial estabilidad, libertad de movimiento, f\u00e1cil maniobrabilidad y durabilidad, junto con sus bajos costes de adquisici\u00f3n, la mesa de tratamiento 400 XL de UFSK-International OSYS es el modelo b\u00e1sico \u00f3ptimo para los procedimientos quir\u00fargicos en la zona de la cabeza. La mesa quir\u00fargica hidr\u00e1ulica se basa en una tecnolog\u00eda robusta de manejo f\u00e1cil e intuitivo. A diferencia de nuestros modelos electromotores, es independiente de las bater\u00edas en su funcionamiento y requiere un mantenimiento especialmente reducido. Al mismo tiempo, el amplio y confortable acolchado garantiza una gran comodidad para el paciente.<\/p>\n<p>Ventajas ergon\u00f3micas para su personal de quir\u00f3fano:<br \/>\n&#8211; grandes ruedas dobles, freno de pie central y rueda direccional para una gran estabilidad de vuelco y un movimiento controlado por una sola persona<br \/>\n&#8211; asas de empuje laterales de los pies con forma ergon\u00f3mica para un manejo c\u00f3modo y sin esfuerzo<br \/>\n&#8211; el chasis estable garantiza una estabilidad especialmente elevada de la camilla<br \/>\n&#8211; carril est\u00e1ndar para la fijaci\u00f3n sin esfuerzo de los componentes<br \/>\n&#8211; gran libertad de movimiento para un mejor acceso del paciente<\/p>\n<p>M\u00e1ximo confort para el cirujano y el paciente<br \/>\n&#8211; mejor acceso en la zona de la cabeza gracias a la secci\u00f3n de la cabeza ajustable en 3D y longitudinalmente<br \/>\n&#8211; opciones de ajuste hidr\u00e1ulico para un posicionamiento seguro y sencillo del paciente<br \/>\n&#8211; superficie de apoyo en tres partes con un acolchado amplio y confortable<br \/>\n&#8211; carga m\u00e1xima de 175 kg<\/p>\n<p>Otras caracter\u00edsticas de la camilla 400 XL<br \/>\n&#8211; sistema hidr\u00e1ulico duradero y f\u00e1cil de usar y chasis robusto para una vida \u00fatil extra larga<br \/>\n&#8211; la c\u00f3moda superficie de apoyo permite que el paciente se tumbe c\u00f3modamente<br \/>\n&#8211; bastidor superior turdy con riel est\u00e1ndar y chasis de acero para una m\u00e1xima robustez y durabilidad<br \/>\n&#8211; superficie de apoyo de tres partes con una altura de entrada baja<\/p>\n","protected":false},"excerpt":{"rendered":"<p>Sill\u00f3n b\u00e1sico con tecnolog\u00eda probada para resultados \u00f3ptimos en el quir\u00f3fano.<\/p>\n<p>Su especial estabilidad, libertad de movimiento, f\u00e1cil maniobrabilidad y durabilidad, hacen de la\u00a0camilla\u00a0m\u00f3vil 400 XL el modelo b\u00e1sico \u00f3ptimo para intervenciones quir\u00fargicas oft\u00e1lmicas.<\/p>\n<p>A diferencia de los modelos electromec\u00e1nicos, el modelo 400XL funciona independientemente de las bater\u00edas, asegurando una larga vida \u00fatil.<\/p>\n","protected":false},"featured_media":383,"comment_status":"open","ping_status":"closed","template":"","meta":{"_seopress_robots_primary_cat":"none","_seopress_titles_title":"","_seopress_titles_desc":"","_seopress_robots_index":"","_et_pb_use_builder":"","_et_pb_old_content":"","_et_gb_content_width":""},"product_brand":[40],"product_cat":[43],"product_tag":[],"class_list":{"0":"post-388","1":"product","2":"type-product","3":"status-publish","4":"has-post-thumbnail","6":"product_brand-ufsk-osys","7":"product_cat-camilla-quirurgica","9":"first","10":"onbackorder","11":"shipping-taxable","12":"product-type-simple"},"_links":{"self":[{"href":"https:\/\/farbac.xyz\/index.php\/wp-json\/wp\/v2\/product\/388","targetHints":{"allow":["GET"]}}],"collection":[{"href":"https:\/\/farbac.xyz\/index.php\/wp-json\/wp\/v2\/product"}],"about":[{"href":"https:\/\/farbac.xyz\/index.php\/wp-json\/wp\/v2\/types\/product"}],"replies":[{"embeddable":true,"href":"https:\/\/farbac.xyz\/index.php\/wp-json\/wp\/v2\/comments?post=388"}],"wp:featuredmedia":[{"embeddable":true,"href":"https:\/\/farbac.xyz\/index.php\/wp-json\/wp\/v2\/media\/383"}],"wp:attachment":[{"href":"https:\/\/farbac.xyz\/index.php\/wp-json\/wp\/v2\/media?parent=388"}],"wp:term":[{"taxonomy":"product_brand","embeddable":true,"href":"https:\/\/farbac.xyz\/index.php\/wp-json\/wp\/v2\/product_brand?post=388"},{"taxonomy":"product_cat","embeddable":true,"href":"https:\/\/farbac.xyz\/index.php\/wp-json\/wp\/v2\/product_cat?post=388"},{"taxonomy":"product_tag","embeddable":true,"href":"https:\/\/farbac.xyz\/index.php\/wp-json\/wp\/v2\/product_tag?post=388"}],"curies":[{"name":"wp","href":"https:\/\/api.w.org\/{rel}","templated":true}]}}