{"id":299,"date":"2022-09-01T02:57:17","date_gmt":"2022-09-01T02:57:17","guid":{"rendered":"http:\/\/farbac.xyz\/?post_type=product&#038;p=299"},"modified":"2025-06-13T21:41:17","modified_gmt":"2025-06-13T21:41:17","slug":"mesa-de-operaciones-de-oftalmologia-eyeforce","status":"publish","type":"product","link":"https:\/\/farbac.xyz\/index.php\/product\/mesa-de-operaciones-de-oftalmologia-eyeforce\/","title":{"rendered":"Camilla \/ Silla para tratamientos eyeForce"},"content":{"rendered":"<p>[et_pb_section fb_built=\u00bb1&#8243; _builder_version=\u00bb4.16&#8243; custom_padding=\u00bb0px||||false|false\u00bb collapsed=\u00bbon\u00bb global_colors_info=\u00bb{}\u00bb][et_pb_row _builder_version=\u00bb4.16&#8243; background_size=\u00bbinitial\u00bb background_position=\u00bbtop_left\u00bb background_repeat=\u00bbrepeat\u00bb width=\u00bb100%\u00bb custom_padding=\u00bb0px||0px||false|false\u00bb collapsed=\u00bbon\u00bb global_colors_info=\u00bb{}\u00bb][et_pb_column type=\u00bb4_4&#8243; _builder_version=\u00bb4.16&#8243; custom_padding=\u00bb|||\u00bb global_colors_info=\u00bb{}\u00bb custom_padding__hover=\u00bb|||\u00bb][et_pb_wc_breadcrumb _builder_version=\u00bb4.16&#8243; global_colors_info=\u00bb{}\u00bb][\/et_pb_wc_breadcrumb][et_pb_wc_cart_notice _builder_version=\u00bb4.16&#8243; global_colors_info=\u00bb{}\u00bb][\/et_pb_wc_cart_notice][\/et_pb_column][\/et_pb_row][et_pb_row column_structure=\u00bb1_2,1_2&#8243; _builder_version=\u00bb4.16&#8243; background_size=\u00bbinitial\u00bb background_position=\u00bbtop_left\u00bb background_repeat=\u00bbrepeat\u00bb width=\u00bb100%\u00bb custom_padding=\u00bb0px||||false|false\u00bb collapsed=\u00bbon\u00bb global_colors_info=\u00bb{}\u00bb][et_pb_column type=\u00bb1_2&#8243; _builder_version=\u00bb4.16&#8243; custom_padding=\u00bb|||\u00bb global_colors_info=\u00bb{}\u00bb custom_padding__hover=\u00bb|||\u00bb][et_pb_wc_images _builder_version=\u00bb4.16&#8243; global_colors_info=\u00bb{}\u00bb][\/et_pb_wc_images][\/et_pb_column][et_pb_column type=\u00bb1_2&#8243; _builder_version=\u00bb4.16&#8243; custom_padding=\u00bb|||\u00bb global_colors_info=\u00bb{}\u00bb custom_padding__hover=\u00bb|||\u00bb][et_pb_wc_title _builder_version=\u00bb4.16&#8243; global_colors_info=\u00bb{}\u00bb][\/et_pb_wc_title][et_pb_wc_rating _builder_version=\u00bb4.16&#8243; global_colors_info=\u00bb{}\u00bb][\/et_pb_wc_rating][et_pb_wc_price _builder_version=\u00bb4.16&#8243; global_colors_info=\u00bb{}\u00bb][\/et_pb_wc_price][et_pb_wc_description _builder_version=\u00bb4.16&#8243; global_colors_info=\u00bb{}\u00bb][\/et_pb_wc_description][et_pb_wc_add_to_cart _builder_version=\u00bb4.16&#8243; global_colors_info=\u00bb{}\u00bb][\/et_pb_wc_add_to_cart][et_pb_wc_meta _builder_version=\u00bb4.16&#8243; global_colors_info=\u00bb{}\u00bb][\/et_pb_wc_meta][\/et_pb_column][\/et_pb_row][et_pb_row _builder_version=\u00bb4.16&#8243; background_size=\u00bbinitial\u00bb background_position=\u00bbtop_left\u00bb background_repeat=\u00bbrepeat\u00bb width=\u00bb100%\u00bb collapsed=\u00bbon\u00bb global_colors_info=\u00bb{}\u00bb][et_pb_column type=\u00bb4_4&#8243; _builder_version=\u00bb4.16&#8243; custom_padding=\u00bb|||\u00bb global_colors_info=\u00bb{}\u00bb custom_padding__hover=\u00bb|||\u00bb][et_pb_wc_tabs _builder_version=\u00bb4.16&#8243; global_colors_info=\u00bb{}\u00bb]\t\t\t\t\t[\/et_pb_wc_tabs][et_pb_wc_upsells _builder_version=\u00bb4.16&#8243; global_colors_info=\u00bb{}\u00bb][\/et_pb_wc_upsells][et_pb_wc_related_products _builder_version=\u00bb4.16&#8243; global_colors_info=\u00bb{}\u00bb][\/et_pb_wc_related_products][\/et_pb_column][\/et_pb_row][\/et_pb_section]<\/p>\n","protected":false},"excerpt":{"rendered":"<div class=\"et_pb_module et_pb_wc_description et_pb_wc_description_0_tb_body et_pb_bg_layout_light et_pb_text_align_justified\">\n<div class=\"et_pb_module_inner\">\n<p><strong>e<\/strong><b>yeForce<\/b> es la silla para tratamientos <strong>Premium<\/strong> del mercado, dise\u00f1ada espec\u00edficamente para la cirug\u00eda oftalmol\u00f3gica por la firma alemana UFSK.<\/p>\n<p>Es una camilla totalmente el\u00e9ctrica y con numerosos motores para garantizar la m\u00e1xima comodidad del paciente y la mejor ergonom\u00eda y maniobrabilidad para todo el personal sanitario protegiendo su columna vertebral.<\/p>\n<\/div>\n<\/div>\n","protected":false},"featured_media":257,"comment_status":"open","ping_status":"closed","template":"","meta":{"_seopress_robots_primary_cat":"none","_seopress_titles_title":"","_seopress_titles_desc":"","_seopress_robots_index":"","_et_pb_use_builder":"on","_et_pb_old_content":"<div class=\"et_pb_tab clearfix et_pb_active_content et-pb-active-slide\">\r\n<div class=\"et_pb_tab_content\">\r\n<div class=\"mb-3 text-justify\">\r\n\r\nLa silla para tratamiento <strong>e<\/strong><b>yeForce<\/b> cuenta con <strong>\"TECNOLOG\u00cdA PREVENTIVA\"<\/strong> y pertenece a la <strong>Categor\u00eda Premium, <\/strong>cuenta con\u00a0las siguientes caracter\u00edsticas t\u00e9cnicas:\r\n\r\nSilla electro-hidr\u00e1ulica con estructura s\u00f3lida y ligera de aluminio.\r\n\r\nPara ser usada en cirug\u00edas oft\u00e1lmicas, maxilofaciales, cirug\u00edas de o\u00eddo, nariz y garganta e implantolog\u00eda.\r\n\r\nTransformable de una silla de transporte a una camilla de quir\u00f3fano estable.\r\n\r\nDise\u00f1o ergon\u00f3mico que asegura una posici\u00f3n confortable.\r\n\r\nMando a distancia con numerosas memorias para fijar diferentes posiciones.\r\n\r\nControl remoto de todas sus posiciones. Programable.\r\n\r\nAut\u00f3nomo mediante bater\u00edas recargables.\r\n\r\nCuenta con el m\u00f3dulo de E-Drive que permite un manejo de la camilla sin mayor esfuerzo y r\u00e1pido a trav\u00e9s de largas distancias.\r\n\r\nCuenta con 4 ruedas dobles, aut\u00f3nomas.\r\n\r\nBloqueo direccional de las 4 ruedas.\r\n\r\nColch\u00f3n de 40mm de espesor, resistente a los desinfectantes y de f\u00e1cil limpieza.\r\n\r\nColor a elegir seg\u00fan muestrario.\r\n\r\nBarra lateral de acero para colocaci\u00f3n de accesorios.\r\n\r\n<\/div>\r\n<strong>MARCA:<\/strong> UFSK-OSYS\r\n\r\n<strong>C\u00d3DIGO ARTICULO:<\/strong> 1800 0000\r\n\r\n<\/div>\r\n<\/div>","_et_gb_content_width":""},"product_brand":[40],"product_cat":[43],"product_tag":[],"class_list":{"0":"post-299","1":"product","2":"type-product","3":"status-publish","4":"has-post-thumbnail","6":"product_brand-ufsk-osys","7":"product_cat-camilla-quirurgica","9":"first","10":"onbackorder","11":"shipping-taxable","12":"product-type-simple"},"_links":{"self":[{"href":"https:\/\/farbac.xyz\/index.php\/wp-json\/wp\/v2\/product\/299","targetHints":{"allow":["GET"]}}],"collection":[{"href":"https:\/\/farbac.xyz\/index.php\/wp-json\/wp\/v2\/product"}],"about":[{"href":"https:\/\/farbac.xyz\/index.php\/wp-json\/wp\/v2\/types\/product"}],"replies":[{"embeddable":true,"href":"https:\/\/farbac.xyz\/index.php\/wp-json\/wp\/v2\/comments?post=299"}],"wp:featuredmedia":[{"embeddable":true,"href":"https:\/\/farbac.xyz\/index.php\/wp-json\/wp\/v2\/media\/257"}],"wp:attachment":[{"href":"https:\/\/farbac.xyz\/index.php\/wp-json\/wp\/v2\/media?parent=299"}],"wp:term":[{"taxonomy":"product_brand","embeddable":true,"href":"https:\/\/farbac.xyz\/index.php\/wp-json\/wp\/v2\/product_brand?post=299"},{"taxonomy":"product_cat","embeddable":true,"href":"https:\/\/farbac.xyz\/index.php\/wp-json\/wp\/v2\/product_cat?post=299"},{"taxonomy":"product_tag","embeddable":true,"href":"https:\/\/farbac.xyz\/index.php\/wp-json\/wp\/v2\/product_tag?post=299"}],"curies":[{"name":"wp","href":"https:\/\/api.w.org\/{rel}","templated":true}]}}