{"id":51,"date":"2022-05-20T00:56:53","date_gmt":"2022-05-20T00:56:53","guid":{"rendered":"http:\/\/farbac.xyz\/?page_id=51"},"modified":"2022-05-20T00:57:00","modified_gmt":"2022-05-20T00:57:00","slug":"aviso-de-privacidad","status":"publish","type":"page","link":"https:\/\/farbac.xyz\/index.php\/aviso-de-privacidad\/","title":{"rendered":"AVISO DE PRIVACIDAD"},"content":{"rendered":"<p>[et_pb_section fb_built=\u00bb1&#8243; theme_builder_area=\u00bbpost_content\u00bb _builder_version=\u00bb4.17.4&#8243; _module_preset=\u00bbdefault\u00bb][et_pb_row _builder_version=\u00bb4.17.4&#8243; _module_preset=\u00bbdefault\u00bb theme_builder_area=\u00bbpost_content\u00bb][et_pb_column _builder_version=\u00bb4.17.4&#8243; _module_preset=\u00bbdefault\u00bb type=\u00bb4_4&#8243; theme_builder_area=\u00bbpost_content\u00bb][et_pb_text _builder_version=\u00bb4.17.4&#8243; _module_preset=\u00bbdefault\u00bb theme_builder_area=\u00bbpost_content\u00bb hover_enabled=\u00bb0&#8243; sticky_enabled=\u00bb0&#8243;]<\/p>\n<h1 data_liveedit_tagid=\"0000000012B249C0\" style=\"text-align: center;\">AVISO DE PRIVACIDAD<\/h1>\n<h2 data_liveedit_tagid=\"0000000012B24D50\"><\/h2>\n<div class=\"contact-info\" data_liveedit_tagid=\"0000000012B24FB0\">\n<p data_liveedit_tagid=\"0000000012B25210\" style=\"text-align: justify;\">Farbac Biomedical, S.A. de C.V. con domicilio en \u00c1msterdam 79-403, colonia Hip\u00f3dromo, Alcald\u00eda Cuauht\u00e9moc, C.P. 06100, CDMX, M\u00e9xico y\/o empresas filiales y subsidiarias, en cumplimiento de la Ley Federal de Protecci\u00f3n de Datos Personales en Posesi\u00f3n de Particulares act\u00faa como y es responsable de la confidencialidad, uso y protecci\u00f3n de la informaci\u00f3n personal que se nos proporcione derivado de nuestro normal funcionamiento. Consecuentemente la informaci\u00f3n personal ser\u00e1 utilizada para: i) Identificaci\u00f3n y Verificaci\u00f3n, II) la identificaci\u00f3n en cualquier tipo de relaci\u00f3n jur\u00eddica o de negocios que realice con nosotros, incluyendo la venta y adquisici\u00f3n de productos ofertados, III) hacerle llegar productos adquiridos, IV) enviar promociones y comunicados bajo diversas modalidades, V) invitarle a participar en eventos o conocer productos y VI) para fines mercadol\u00f3gicos y de prospecci\u00f3n comercial. Para lo que antecede se le podr\u00eda solicitar entre otros datos su nombre, direcci\u00f3n, tel\u00e9fono, correo electr\u00f3nico, RFC\/ CURP\/ fecha y lugar de nacimiento, sexo, nacionalidad, edad, informaci\u00f3n crediticia y patrimonial. En caso de buscar ejercer sus derechos ARCO (acceder, rectificar, cancelar u oponerse) respecto de sus datos personales, as\u00ed como para oponerse al tratamiento de estos, revocar el consentimiento que previamente se haya otorgado, se puede llevar a cabo a trav\u00e9s del siguiente correo electr\u00f3nico farbac@farbac.com y\/o al n\u00famero de tel\u00e9fono 55-5488-2305 en donde se le informara puntualmente el procedimiento a seguir. Igualmente, sus datos personales no ser\u00e1n transferidos a terceros para fines distintos a los necesarios para brindarle un mejor servicio y productos, sin que para ello se requiera consentimiento alguno. Las modificaciones que puedan hacerse al presente aviso se podr\u00e1n verificar en la p\u00e1gina http:\/\/www.farbac.com.mx\/avisopri.php, para conocer la totalidad de nuestro aviso de privacidad por favor acceda al enlace de aviso de privacidad en donde se desplegar\u00e1 la totalidad del mismo AVISO DE PRIVACIDAD.<\/p>\n<p data_liveedit_tagid=\"0000000012B256B0\" style=\"text-align: justify;\">Aviso de Privacidad<\/p>\n<p data_liveedit_tagid=\"0000000012B25B50\" style=\"text-align: justify;\">En cumplimiento a la Ley Federal de Protecci\u00f3n de Datos Personales en Posesi\u00f3n de los Particulares (Ley), Farbac Biomedical, S.A. de C.V. as\u00ed como sus empresas subsidiarias y afiliadas, protegemos y salvaguardamos sus datos personales para evitar que se da\u00f1en, pierdan, destruyan, roben, extrav\u00eden, alteren, as\u00ed como que se traten indebidamente<\/p>\n<p data_liveedit_tagid=\"0000000012B25FF0\" style=\"text-align: justify;\">Informaci\u00f3n Recopilada<\/p>\n<p data_liveedit_tagid=\"0000000012B26490\" style=\"text-align: justify;\">Datos personales que libre y voluntariamente se proporcionen a Farbac Biomedical, S.A. de C.V. por cualquier medio sin limitaci\u00f3n y tales como: I) datos personales, II) datos profesionales, III) datos patrimoniales y financieros y IV) igualmente y de ser aplicable copia de identificaci\u00f3n oficial, tarjeta de cr\u00e9dito y comprobante de domicilio. Trat\u00e1ndose de terceros cuyos datos personales recopilamos a trav\u00e9s de usted, igualmente tomamos las medidas de seguridad y confidencialidad para el tratamiento de esta, de conformidad y siempre apegado al Aviso de Privacidad. Usted manifiesta su voluntad y consentimiento a que sus datos personales sean tratados de acuerdo con los t\u00e9rminos y condiciones de este Aviso de Privacidad, caso contrario tendr\u00e1 que dirigirse al correo farbac@farbac.com para iniciar un procedimiento para tales efectos. Farbac Biomedical, S.A. de C.V. no recopila informaci\u00f3n de menores de edad.<\/p>\n<p data_liveedit_tagid=\"0000000012B26930\" style=\"text-align: justify;\">Uso de la Informaci\u00f3n<\/p>\n<p data_liveedit_tagid=\"0000000012B26DD0\" style=\"text-align: justify;\">Los datos personales recabados se utilizan dentro de algunos fines para lo siguiente: l) identificaci\u00f3n y verificaci\u00f3n, II) identificaci\u00f3n en cualquier tipo de relaci\u00f3n jur\u00eddica o de negocios que realice con nosotros, incluyendo la venta o adquisici\u00f3n de productos ofertados, III) hacerle llegar productos adquiridos, IV) enviar promociones y comunicados bajo diversas modalidades, V) invitarle a participar en eventos o conocer de productos y VI) para fines mercadol\u00f3gicos y de prospecci\u00f3n comercial. En la recolecci\u00f3n y tratamiento de datos personales que nos proporcione, se cumple en todo momento con los principios de licitud, calidad, consentimiento, informaci\u00f3n, finalidad, lealtad, proporcionalidad y responsabilidad.<\/p>\n<p data_liveedit_tagid=\"0000000012B27270\" style=\"text-align: justify;\">Transferencia de informaci\u00f3n<\/p>\n<p data_liveedit_tagid=\"0000000012B27710\" style=\"text-align: justify;\">Farbac Biomedical, S.A. de C.V. puede contratar a uno o varios terceros como proveedores de servicios que apoyan las actividades de promoci\u00f3n y comercializaci\u00f3n de nuestros bienes, manejo y administraci\u00f3n de los datos personales que le son proporcionados, as\u00ed como para fines de verificaci\u00f3n raz\u00f3n por la cual no solo existe una transferencia para efectos comerciales sino tambi\u00e9n para la verificaci\u00f3n de la informaci\u00f3n proporcionada, igualmente Farbac Biomedical, S.A. de C.V. podr\u00e1 compartir o transmitir sus datos personales con sus empresas subsidiarias o filiales para los mismos fines contenidos en el presente aviso de privacidad. En ning\u00fan caso Farbac Biomedical, S.A. de C.V. comercializar\u00e1, vender\u00e1 o rentar\u00e1 informaci\u00f3n personal sobre usted a un tercero sin un consentimiento previo de su parte. Los datos personales proporcionados a Farbac Biomedical, S.A. de C.V., se compilar\u00e1n en una base de datos propiedad exclusiva de Farbac Biomedical, S.A. de C.V.<span>\u00a0<\/span><\/p>\n<p data_liveedit_tagid=\"0000000012B27BB0\" style=\"text-align: justify;\">Medidas de seguridad y control utilizadas para la protecci\u00f3n de datos personales<\/p>\n<p data_liveedit_tagid=\"0000000012B28050\" style=\"text-align: justify;\">Farbac Biomedical, S.A. de C.V. tiene implementadas medidas de seguridad administrativas, t\u00e9cnicas y f\u00edsicas para proteger sus datos personales, mismas que igualmente exigimos sean cumplidas por los proveedores de servicios que contratamos.<\/p>\n<p data_liveedit_tagid=\"0000000012B284F0\" style=\"text-align: justify;\">\u00c1rea responsable del manejo y administraci\u00f3n de datos personales.<\/p>\n<p data_liveedit_tagid=\"0000000012B28990\" style=\"text-align: justify;\">EI \u00e1rea responsable del manejo y administraci\u00f3n de datos es el Departamento de datos personales a quien se puede contactar mediante el correo electr\u00f3nico farbac@farbac.com, directamente en nuestras oficinas ubicadas en \u00c1msterdam 79-403, colonia Hip\u00f3dromo, Alcald\u00eda Cuauht\u00e9moc, CDMX, 06100 M\u00e9xico.<\/p>\n<p data_liveedit_tagid=\"0000000012B28E30\" style=\"text-align: justify;\">C\u00f3mo se pueden ejercer los derechos ARCO y revocar el consentimiento<\/p>\n<p data_liveedit_tagid=\"0000000012B292D0\" style=\"text-align: justify;\">Usted podr\u00e1 iniciar el procedimiento de protecci\u00f3n de derechos ARCO ante el Instituto Federal de Acceso a la Informaci\u00f3n y Protecci\u00f3n de Datos Pers\u00f3nales (IFAI) dentro de los 15 d\u00edas siguientes a la fecha en que Farbac Biomedical, S.A. de C.V. d\u00e9 respuesta a su solicitud o, si transcurrido el t\u00e9rmino que se\u00f1ala la Ley Farbac Biomedical, S.A. de C.V. no diera respuesta a su solicitud. Como titular de sus datos personales, puede ejercer los derechos de acceso, cancelaci\u00f3n, rectificaci\u00f3n y oposici\u00f3n al tratamiento de sus datos personales (ARCO) o revocar el consentimiento que haya dado a Farbac Biomedical, S.A. de C.V. enviando directamente su solicitud al \u00e1rea de Departamento de datos personales a trav\u00e9s de la cuenta de correo: farbac@farbac.com, dicha solicitud al menos debe de contener: I) nombre, domicilio y e! medio para comunicarle la respuesta a su solicitud, II) acreditar su identidad o representaci\u00f3n legal, III) descripci\u00f3n de los datos personales respecto de los cuales solicita ejercer alguno de los derechos ARCO, IV) manifestaci\u00f3n expresa para revocar consentimiento al tratamiento de datos personales y por tanto para que no se usen y V) cualquier otro elemento que facilite la localizaci\u00f3n de datos personales.<span>\u00a0<\/span><\/p>\n<p data_liveedit_tagid=\"0000000012B29770\" style=\"text-align: justify;\">Modificaciones al Aviso de Privacidad<\/p>\n<p data_liveedit_tagid=\"0000000012B29C10\" style=\"text-align: justify;\">Farbac Biomedical, S.A. de C.V. se reserva el derecho de modificar el aviso de privacidad en cualquier momento. En caso de existir alg\u00fan cambio, se comunicar\u00e1 a trav\u00e9s del portal de Farbac Biomedical, S.A. de C.V.<\/p>\n<p data_liveedit_tagid=\"0000000012B2A0B0\" style=\"text-align: justify;\">Fecha de \u00faltima actualizaci\u00f3n de este Aviso de Privacidad: 10 de diciembre del 2019.<\/p>\n<\/div>\n<p>[\/et_pb_text][\/et_pb_column][\/et_pb_row][\/et_pb_section]<\/p>\n","protected":false},"excerpt":{"rendered":"<p>AVISO DE PRIVACIDAD Farbac Biomedical, S.A. de C.V. con domicilio en \u00c1msterdam 79-403, colonia Hip\u00f3dromo, Alcald\u00eda Cuauht\u00e9moc, C.P. 06100, CDMX, M\u00e9xico y\/o empresas filiales y subsidiarias, en cumplimiento de la Ley Federal de Protecci\u00f3n de Datos Personales en Posesi\u00f3n de Particulares act\u00faa como y es responsable de la confidencialidad, uso y protecci\u00f3n de la informaci\u00f3n [&hellip;]<\/p>\n","protected":false},"author":1,"featured_media":0,"parent":0,"menu_order":0,"comment_status":"closed","ping_status":"closed","template":"","meta":{"_seopress_robots_primary_cat":"","_seopress_titles_title":"","_seopress_titles_desc":"","_seopress_robots_index":"","_et_pb_use_builder":"on","_et_pb_old_content":"","_et_gb_content_width":"","footnotes":""},"class_list":["post-51","page","type-page","status-publish","hentry"],"_links":{"self":[{"href":"https:\/\/farbac.xyz\/index.php\/wp-json\/wp\/v2\/pages\/51","targetHints":{"allow":["GET"]}}],"collection":[{"href":"https:\/\/farbac.xyz\/index.php\/wp-json\/wp\/v2\/pages"}],"about":[{"href":"https:\/\/farbac.xyz\/index.php\/wp-json\/wp\/v2\/types\/page"}],"author":[{"embeddable":true,"href":"https:\/\/farbac.xyz\/index.php\/wp-json\/wp\/v2\/users\/1"}],"replies":[{"embeddable":true,"href":"https:\/\/farbac.xyz\/index.php\/wp-json\/wp\/v2\/comments?post=51"}],"version-history":[{"count":2,"href":"https:\/\/farbac.xyz\/index.php\/wp-json\/wp\/v2\/pages\/51\/revisions"}],"predecessor-version":[{"id":54,"href":"https:\/\/farbac.xyz\/index.php\/wp-json\/wp\/v2\/pages\/51\/revisions\/54"}],"wp:attachment":[{"href":"https:\/\/farbac.xyz\/index.php\/wp-json\/wp\/v2\/media?parent=51"}],"curies":[{"name":"wp","href":"https:\/\/api.w.org\/{rel}","templated":true}]}}