{"id":121,"date":"2022-06-01T21:26:51","date_gmt":"2022-06-01T21:26:51","guid":{"rendered":"http:\/\/farbac.xyz\/?page_id=121"},"modified":"2026-03-10T22:32:36","modified_gmt":"2026-03-10T22:32:36","slug":"catalogo","status":"publish","type":"page","link":"https:\/\/farbac.xyz\/index.php\/catalogo\/","title":{"rendered":"CAT\u00c1LOGO"},"content":{"rendered":"\n[et_pb_section fb_built=\u00bb1&#8243; _builder_version=\u00bb4.16&#8243; _module_preset=\u00bbdefault\u00bb global_colors_info=\u00bb{}\u00bb][et_pb_row _builder_version=\u00bb4.18.0&#8243; _module_preset=\u00bbdefault\u00bb global_colors_info=\u00bb{}\u00bb][et_pb_column type=\u00bb4_4&#8243; _builder_version=\u00bb4.18.0&#8243; _module_preset=\u00bbdefault\u00bb global_colors_info=\u00bb{}\u00bb][et_pb_shop type=\u00bbproduct_category\u00bb include_categories=\u00bball\u00bb columns_number=\u00bb3&#8243; _builder_version=\u00bb4.19.1&#8243; _module_preset=\u00bbdefault\u00bb hover_enabled=\u00bb0&#8243; border_radii_image=\u00bbon|16px|16px|16px|16px\u00bb global_colors_info=\u00bb{}\u00bb posts_number=\u00bb42&#8243; sticky_enabled=\u00bb0&#8243;][\/et_pb_shop][\/et_pb_column][\/et_pb_row][\/et_pb_section]\n","protected":false},"excerpt":{"rendered":"","protected":false},"author":1,"featured_media":0,"parent":0,"menu_order":0,"comment_status":"closed","ping_status":"closed","template":"","meta":{"_seopress_robots_primary_cat":"","_seopress_titles_title":"","_seopress_titles_desc":"FarbaC Biomedical: Innovaci\u00f3n en Oftalmolog\u00eda .-\r\nFarbaC Biomedical es l\u00edder en la distribuci\u00f3n de tecnolog\u00eda de vanguardia para la oftalmolog\u00eda en M\u00e9xico. Ofrecemos soluciones innovadoras y equipos de precisi\u00f3n como Navilas\u00ae 577s para potenciar tu pr\u00e1ctica. Descubre c\u00f3mo nuestra tecnolog\u00eda de punta puede transformar tus resultados y la calidad de vida de tus pacientes.","_seopress_robots_index":"","_et_pb_use_builder":"on","_et_pb_old_content":"","_et_gb_content_width":"","footnotes":""},"class_list":["post-121","page","type-page","status-publish","hentry"],"_links":{"self":[{"href":"https:\/\/farbac.xyz\/index.php\/wp-json\/wp\/v2\/pages\/121","targetHints":{"allow":["GET"]}}],"collection":[{"href":"https:\/\/farbac.xyz\/index.php\/wp-json\/wp\/v2\/pages"}],"about":[{"href":"https:\/\/farbac.xyz\/index.php\/wp-json\/wp\/v2\/types\/page"}],"author":[{"embeddable":true,"href":"https:\/\/farbac.xyz\/index.php\/wp-json\/wp\/v2\/users\/1"}],"replies":[{"embeddable":true,"href":"https:\/\/farbac.xyz\/index.php\/wp-json\/wp\/v2\/comments?post=121"}],"version-history":[{"count":6,"href":"https:\/\/farbac.xyz\/index.php\/wp-json\/wp\/v2\/pages\/121\/revisions"}],"predecessor-version":[{"id":744,"href":"https:\/\/farbac.xyz\/index.php\/wp-json\/wp\/v2\/pages\/121\/revisions\/744"}],"wp:attachment":[{"href":"https:\/\/farbac.xyz\/index.php\/wp-json\/wp\/v2\/media?parent=121"}],"curies":[{"name":"wp","href":"https:\/\/api.w.org\/{rel}","templated":true}]}}